{"id":177,"date":"2017-01-21T17:30:11","date_gmt":"2017-01-21T16:30:11","guid":{"rendered":"http:\/\/asso-asd.org\/?page_id=177"},"modified":"2017-11-06T18:32:13","modified_gmt":"2017-11-06T17:32:13","slug":"agir","status":"publish","type":"page","link":"http:\/\/asso-asd.org\/index.php\/agir\/","title":{"rendered":"Agir"},"content":{"rendered":"<h4 style=\"color: #58585a; text-align: left;\"><img loading=\"lazy\" decoding=\"async\" class=\"alignnone size-full wp-image-394\" src=\"http:\/\/asso-asd.org\/wp-content\/uploads\/2017\/01\/14Hptfev2016.jpg\" alt=\"\" width=\"800\" height=\"533\" srcset=\"http:\/\/asso-asd.org\/wp-content\/uploads\/2017\/01\/14Hptfev2016.jpg 800w, http:\/\/asso-asd.org\/wp-content\/uploads\/2017\/01\/14Hptfev2016-300x200.jpg 300w, http:\/\/asso-asd.org\/wp-content\/uploads\/2017\/01\/14Hptfev2016-768x512.jpg 768w\" sizes=\"auto, (max-width: 800px) 100vw, 800px\" \/><\/h4>\n<h4 style=\"text-align: center; color: #58585a;\"><strong>\u00ab\u00a0Avec votre soutien tout est possible!\u00a0\u00bb<\/strong><\/h4>\n<p>&nbsp;<\/p>\n<p>Vos dons \u00a0et adh\u00e9sions permettront \u00e0 de nombreux malades de profiter de traitements contre la douleur, ce qui est un luxe au Cambodge.<\/p>\n<p>Votre contribution est essentielle afin d&rsquo;apporter aux cambodgiens toute l&rsquo;aide et les soins dont ils ont besoin.<\/p>\n<p><strong>En nous soutenant par vos dons:<\/strong><\/p>\n<ul>\n<li>Vous serez inform\u00e9s de nos actions et de leurs progressions.<\/li>\n<\/ul>\n<h4 style=\"text-align: center;\"><a href=\"http:\/\/www.helloasso.com\/associations\/asd-agir-pour-soulager-la-douleur\">FAIRE UN DON!<\/a><\/h4>\n<p><strong>En vous adh\u00e9rant:<\/strong><\/p>\n<ul>\n<li>Vous serez invit\u00e9es \u00e0 l&rsquo;assembl\u00e9e g\u00e9n\u00e9rale.<\/li>\n<li>Vous recevrez le compte rendu de nos missions<\/li>\n<li>T\u00e9l\u00e9charger le bulletin d&rsquo;adh\u00e9sion, compl\u00e9tez et envoyer \u00e0 :<\/li>\n<li>ASD si\u00e8ge social &#8211; \u00a08, rue Charles Moureu &#8211; 75013 Paris, France<\/li>\n<\/ul>\n<h4 style=\"text-align: center;\"><a href=\"http:\/\/asso-asd.org\/wp-content\/uploads\/2017\/01\/Bulletin-dadhe\u0301sion.docx\">Bulletin d&rsquo;adhe\u0301sion<\/a><\/h4>\n<p>&nbsp;<\/p>\n<p>&nbsp;<\/p>\n<p>&nbsp;<\/p>\n","protected":false},"excerpt":{"rendered":"<p>\u00ab\u00a0Avec votre soutien tout est possible!\u00a0\u00bb &nbsp; Vos dons \u00a0et adh\u00e9sions permettront \u00e0 de nombreux malades de profiter de traitements contre la douleur, ce qui est un luxe au Cambodge. Votre contribution est essentielle afin d&rsquo;apporter aux cambodgiens toute l&rsquo;aide et les soins dont ils ont besoin. En nous soutenant par vos dons: Vous serez <a class=\"read-more\" href=\"http:\/\/asso-asd.org\/index.php\/agir\/\">Read More<\/a><\/p>\n","protected":false},"author":1,"featured_media":0,"parent":0,"menu_order":0,"comment_status":"closed","ping_status":"closed","template":"","meta":{"footnotes":""},"class_list":["post-177","page","type-page","status-publish","hentry"],"yoast_head":"<!-- This site is optimized with the Yoast SEO plugin v24.1 - https:\/\/yoast.com\/wordpress\/plugins\/seo\/ -->\n<title>Agir | Agir pour Soulager la Douleur | Association ASD<\/title>\n<meta name=\"description\" content=\"ASD, intervient au Cambodge \u00e0 l\u2019h\u00f4pital de Seam Reap depuis 2014. Avec pour objectif la prise en charge de la douleur part les traitements m\u00e9dicamenteux et les m\u00e9decines compl\u00e9mentaires.\" \/>\n<meta name=\"robots\" content=\"index, follow, max-snippet:-1, max-image-preview:large, max-video-preview:-1\" \/>\n<link rel=\"canonical\" href=\"https:\/\/asso-asd.org\/index.php\/agir\/\" \/>\n<meta property=\"og:locale\" content=\"fr_FR\" \/>\n<meta property=\"og:type\" content=\"article\" \/>\n<meta property=\"og:title\" content=\"Agir | Agir pour Soulager la Douleur | Association ASD\" \/>\n<meta property=\"og:description\" content=\"ASD, intervient au Cambodge \u00e0 l\u2019h\u00f4pital de Seam Reap depuis 2014. Avec pour objectif la prise en charge de la douleur part les traitements m\u00e9dicamenteux et les m\u00e9decines compl\u00e9mentaires.\" \/>\n<meta property=\"og:url\" content=\"https:\/\/asso-asd.org\/index.php\/agir\/\" \/>\n<meta property=\"og:site_name\" content=\"Agir pour Soulager la Douleur\" \/>\n<meta property=\"article:publisher\" content=\"https:\/\/www.facebook.com\/ASD-Agir-pour-Soulager-la-Douleur-244278649360772\/\" \/>\n<meta property=\"article:modified_time\" content=\"2017-11-06T17:32:13+00:00\" \/>\n<meta property=\"og:image\" content=\"http:\/\/asso-asd.org\/wp-content\/uploads\/2017\/01\/14Hptfev2016.jpg\" \/>\n<meta name=\"twitter:card\" content=\"summary_large_image\" \/>\n<meta name=\"twitter:label1\" content=\"Dur\u00e9e de lecture estim\u00e9e\" \/>\n\t<meta name=\"twitter:data1\" content=\"1 minute\" \/>\n<script type=\"application\/ld+json\" class=\"yoast-schema-graph\">{\"@context\":\"https:\/\/schema.org\",\"@graph\":[{\"@type\":\"WebPage\",\"@id\":\"https:\/\/asso-asd.org\/index.php\/agir\/\",\"url\":\"https:\/\/asso-asd.org\/index.php\/agir\/\",\"name\":\"Agir | Agir pour Soulager la Douleur | Association ASD\",\"isPartOf\":{\"@id\":\"https:\/\/asso-asd.org\/#website\"},\"primaryImageOfPage\":{\"@id\":\"https:\/\/asso-asd.org\/index.php\/agir\/#primaryimage\"},\"image\":{\"@id\":\"https:\/\/asso-asd.org\/index.php\/agir\/#primaryimage\"},\"thumbnailUrl\":\"http:\/\/asso-asd.org\/wp-content\/uploads\/2017\/01\/14Hptfev2016.jpg\",\"datePublished\":\"2017-01-21T16:30:11+00:00\",\"dateModified\":\"2017-11-06T17:32:13+00:00\",\"description\":\"ASD, intervient au Cambodge \u00e0 l\u2019h\u00f4pital de Seam Reap depuis 2014. Avec pour objectif la prise en charge de la douleur part les traitements m\u00e9dicamenteux et les m\u00e9decines compl\u00e9mentaires.\",\"breadcrumb\":{\"@id\":\"https:\/\/asso-asd.org\/index.php\/agir\/#breadcrumb\"},\"inLanguage\":\"fr-FR\",\"potentialAction\":[{\"@type\":\"ReadAction\",\"target\":[\"https:\/\/asso-asd.org\/index.php\/agir\/\"]}]},{\"@type\":\"ImageObject\",\"inLanguage\":\"fr-FR\",\"@id\":\"https:\/\/asso-asd.org\/index.php\/agir\/#primaryimage\",\"url\":\"http:\/\/asso-asd.org\/wp-content\/uploads\/2017\/01\/14Hptfev2016.jpg\",\"contentUrl\":\"http:\/\/asso-asd.org\/wp-content\/uploads\/2017\/01\/14Hptfev2016.jpg\",\"width\":800,\"height\":533},{\"@type\":\"BreadcrumbList\",\"@id\":\"https:\/\/asso-asd.org\/index.php\/agir\/#breadcrumb\",\"itemListElement\":[{\"@type\":\"ListItem\",\"position\":1,\"name\":\"Accueil\",\"item\":\"https:\/\/asso-asd.org\/\"},{\"@type\":\"ListItem\",\"position\":2,\"name\":\"Agir\"}]},{\"@type\":\"WebSite\",\"@id\":\"https:\/\/asso-asd.org\/#website\",\"url\":\"https:\/\/asso-asd.org\/\",\"name\":\"Agir pour Soulager la Douleur\",\"description\":\"\",\"potentialAction\":[{\"@type\":\"SearchAction\",\"target\":{\"@type\":\"EntryPoint\",\"urlTemplate\":\"https:\/\/asso-asd.org\/?s={search_term_string}\"},\"query-input\":{\"@type\":\"PropertyValueSpecification\",\"valueRequired\":true,\"valueName\":\"search_term_string\"}}],\"inLanguage\":\"fr-FR\"}]}<\/script>\n<!-- \/ Yoast SEO plugin. -->","yoast_head_json":{"title":"Agir | Agir pour Soulager la Douleur | Association ASD","description":"ASD, intervient au Cambodge \u00e0 l\u2019h\u00f4pital de Seam Reap depuis 2014. Avec pour objectif la prise en charge de la douleur part les traitements m\u00e9dicamenteux et les m\u00e9decines compl\u00e9mentaires.","robots":{"index":"index","follow":"follow","max-snippet":"max-snippet:-1","max-image-preview":"max-image-preview:large","max-video-preview":"max-video-preview:-1"},"canonical":"https:\/\/asso-asd.org\/index.php\/agir\/","og_locale":"fr_FR","og_type":"article","og_title":"Agir | Agir pour Soulager la Douleur | Association ASD","og_description":"ASD, intervient au Cambodge \u00e0 l\u2019h\u00f4pital de Seam Reap depuis 2014. Avec pour objectif la prise en charge de la douleur part les traitements m\u00e9dicamenteux et les m\u00e9decines compl\u00e9mentaires.","og_url":"https:\/\/asso-asd.org\/index.php\/agir\/","og_site_name":"Agir pour Soulager la Douleur","article_publisher":"https:\/\/www.facebook.com\/ASD-Agir-pour-Soulager-la-Douleur-244278649360772\/","article_modified_time":"2017-11-06T17:32:13+00:00","og_image":[{"url":"http:\/\/asso-asd.org\/wp-content\/uploads\/2017\/01\/14Hptfev2016.jpg","type":"","width":"","height":""}],"twitter_card":"summary_large_image","twitter_misc":{"Dur\u00e9e de lecture estim\u00e9e":"1 minute"},"schema":{"@context":"https:\/\/schema.org","@graph":[{"@type":"WebPage","@id":"https:\/\/asso-asd.org\/index.php\/agir\/","url":"https:\/\/asso-asd.org\/index.php\/agir\/","name":"Agir | Agir pour Soulager la Douleur | Association ASD","isPartOf":{"@id":"https:\/\/asso-asd.org\/#website"},"primaryImageOfPage":{"@id":"https:\/\/asso-asd.org\/index.php\/agir\/#primaryimage"},"image":{"@id":"https:\/\/asso-asd.org\/index.php\/agir\/#primaryimage"},"thumbnailUrl":"http:\/\/asso-asd.org\/wp-content\/uploads\/2017\/01\/14Hptfev2016.jpg","datePublished":"2017-01-21T16:30:11+00:00","dateModified":"2017-11-06T17:32:13+00:00","description":"ASD, intervient au Cambodge \u00e0 l\u2019h\u00f4pital de Seam Reap depuis 2014. Avec pour objectif la prise en charge de la douleur part les traitements m\u00e9dicamenteux et les m\u00e9decines compl\u00e9mentaires.","breadcrumb":{"@id":"https:\/\/asso-asd.org\/index.php\/agir\/#breadcrumb"},"inLanguage":"fr-FR","potentialAction":[{"@type":"ReadAction","target":["https:\/\/asso-asd.org\/index.php\/agir\/"]}]},{"@type":"ImageObject","inLanguage":"fr-FR","@id":"https:\/\/asso-asd.org\/index.php\/agir\/#primaryimage","url":"http:\/\/asso-asd.org\/wp-content\/uploads\/2017\/01\/14Hptfev2016.jpg","contentUrl":"http:\/\/asso-asd.org\/wp-content\/uploads\/2017\/01\/14Hptfev2016.jpg","width":800,"height":533},{"@type":"BreadcrumbList","@id":"https:\/\/asso-asd.org\/index.php\/agir\/#breadcrumb","itemListElement":[{"@type":"ListItem","position":1,"name":"Accueil","item":"https:\/\/asso-asd.org\/"},{"@type":"ListItem","position":2,"name":"Agir"}]},{"@type":"WebSite","@id":"https:\/\/asso-asd.org\/#website","url":"https:\/\/asso-asd.org\/","name":"Agir pour Soulager la Douleur","description":"","potentialAction":[{"@type":"SearchAction","target":{"@type":"EntryPoint","urlTemplate":"https:\/\/asso-asd.org\/?s={search_term_string}"},"query-input":{"@type":"PropertyValueSpecification","valueRequired":true,"valueName":"search_term_string"}}],"inLanguage":"fr-FR"}]}},"_links":{"self":[{"href":"http:\/\/asso-asd.org\/index.php\/wp-json\/wp\/v2\/pages\/177","targetHints":{"allow":["GET"]}}],"collection":[{"href":"http:\/\/asso-asd.org\/index.php\/wp-json\/wp\/v2\/pages"}],"about":[{"href":"http:\/\/asso-asd.org\/index.php\/wp-json\/wp\/v2\/types\/page"}],"author":[{"embeddable":true,"href":"http:\/\/asso-asd.org\/index.php\/wp-json\/wp\/v2\/users\/1"}],"replies":[{"embeddable":true,"href":"http:\/\/asso-asd.org\/index.php\/wp-json\/wp\/v2\/comments?post=177"}],"version-history":[{"count":11,"href":"http:\/\/asso-asd.org\/index.php\/wp-json\/wp\/v2\/pages\/177\/revisions"}],"predecessor-version":[{"id":430,"href":"http:\/\/asso-asd.org\/index.php\/wp-json\/wp\/v2\/pages\/177\/revisions\/430"}],"wp:attachment":[{"href":"http:\/\/asso-asd.org\/index.php\/wp-json\/wp\/v2\/media?parent=177"}],"curies":[{"name":"wp","href":"https:\/\/api.w.org\/{rel}","templated":true}]}}